{"id":30,"date":"2015-01-23T12:00:48","date_gmt":"2015-01-23T11:00:48","guid":{"rendered":"http:\/\/morzinechiropratique.com\/?page_id=30"},"modified":"2026-03-12T14:59:56","modified_gmt":"2026-03-12T13:59:56","slug":"chiropractic-treatment","status":"publish","type":"page","link":"https:\/\/www.morzinechiropratique.com\/fr_FR\/chiropractic-treatment\/","title":{"rendered":"Les traitements chiropratiques et les prix"},"content":{"rendered":"<div class=\"otw-sidebar otw-sidebar-1 otw-sidebar-vertical\"><div class=\"widget otw-widget-1 widget-first widget_multi_language_widget\"><h2 class=\"widgettitle\"><\/h2>\n<form class=\"mltlngg_switcher\" name=\"mltlngg_change_language\" method=\"post\" action=\"\"><button class=\"mltlngg-lang-button-icons\" name=\"mltlngg_change_display_lang\" value=\"en_US\" title=\"English\">\n\t\t\t\t\t\t\t<img decoding=\"async\" class=\"mltlngg-lang\" src=\"http:\/\/www.morzinechiropratique.com\/wp-content\/uploads\/multilanguage\/en_US.jpg\" alt=\"English\">\n\t\t\t\t\t\t<\/button><button class=\"mltlngg-lang-button-icons\" name=\"mltlngg_change_display_lang\" value=\"fr_FR\" title=\"Fran\u00e7ais\">\n\t\t\t\t\t\t\t<img decoding=\"async\" class=\"mltlngg-current-lang\" src=\"http:\/\/www.morzinechiropratique.com\/wp-content\/uploads\/multilanguage\/fr_FR.jpg\" alt=\"Fran\u00e7ais\">\n\t\t\t\t\t\t<\/button><\/form><\/div><\/div>\n<h3><span style=\"color: #0a1f8f;\">Comment la chiropratique fonctionne-t-elle ?<\/span><\/h3>\n<p>La chiropratique repose sur le principe que la sant\u00e9 d\u00e9pend en partie, d\u2019un syst\u00e8me nerveux fonctionnant normalement. Un g\u00eane commun au syst\u00e8me nerveux peut \u00eatre engendr\u00e9 lorsque les vingt-quatre os de la colonne vert\u00e9brale bougent. Une perte de mouvements normaux ou la position de ces os peut aggraver le bon fonctionnement du syst\u00e8me nerveux. Ceci peut alors perturber la transmission du contr\u00f4le des impulsions du syst\u00e8me nerveux. Les chiropracteurs visent \u00e0 am\u00e9liorer le fonctionnement du syst\u00e8me nerveux principalement \u00e0 travers des ajustements chiropratiques (avec une attention toute particuli\u00e8re \u00e0 la colonne vert\u00e9brale et au bassin) et \u00e0&nbsp;aider \u00e0 retirer toute g\u00eane qui pourrait nuire \u00e0 une sant\u00e9 normale.<\/p>\n<p>La chiropratique est un traitement, non m\u00e9dicamenteux.&nbsp; Elle ne concerne pas seulement votre dos, mais votre corps entier qui&nbsp;peut soulager les douleurs&nbsp;et am\u00e9liorer les conditions suivant:<\/p>\n<p><img loading=\"lazy\" decoding=\"async\" class=\"size-large wp-image-646 aligncenter\" src=\"http:\/\/www.morzinechiropratique.com\/wp-content\/uploads\/2015\/01\/MC_SOINS_Chiropratique-1024x467.png\" alt=\"mc_soins_chiropratique\" width=\"858\" height=\"391\" srcset=\"https:\/\/www.morzinechiropratique.com\/wp-content\/uploads\/2015\/01\/MC_SOINS_Chiropratique-1024x467.png 1024w, https:\/\/www.morzinechiropratique.com\/wp-content\/uploads\/2015\/01\/MC_SOINS_Chiropratique-300x137.png 300w, https:\/\/www.morzinechiropratique.com\/wp-content\/uploads\/2015\/01\/MC_SOINS_Chiropratique-768x350.png 768w\" sizes=\"auto, (max-width: 858px) 100vw, 858px\" \/><\/p>\n<h3 class=\"elementor-heading-title elementor-size-large\"><span style=\"color: #0a1f8f;\">DES SOINS CHIROPRATIQUES POUR TOUS<\/span><\/h3>\n<p><img loading=\"lazy\" decoding=\"async\" class=\"wp-image-629 alignleft\" src=\"http:\/\/www.morzinechiropratique.com\/wp-content\/uploads\/2015\/01\/MC_ICON_BEBE-150x150.png\" width=\"205\" height=\"205\" srcset=\"https:\/\/www.morzinechiropratique.com\/wp-content\/uploads\/2015\/01\/MC_ICON_BEBE-150x150.png 150w, https:\/\/www.morzinechiropratique.com\/wp-content\/uploads\/2015\/01\/MC_ICON_BEBE-300x300.png 300w, https:\/\/www.morzinechiropratique.com\/wp-content\/uploads\/2015\/01\/MC_ICON_BEBE-768x768.png 768w, https:\/\/www.morzinechiropratique.com\/wp-content\/uploads\/2015\/01\/MC_ICON_BEBE-1024x1024.png 1024w, https:\/\/www.morzinechiropratique.com\/wp-content\/uploads\/2015\/01\/MC_ICON_BEBE.png 1251w\" sizes=\"auto, (max-width: 205px) 100vw, 205px\" \/><strong><span style=\"color: #0a1f8f;\">Pour les B\u00c9B\u00c9S ET ENFANTS<\/span><\/strong><\/p>\n<p>Parfois, suite \u00e0 un mauvais positionnement in-utero ou \u00e0 des accouchements difficiles, des dysfonctionnements peuvent \u00eatre constat\u00e9s chez le nourrisson. Un traitement chiropratique tr\u00e8s doux et pr\u00e9cis peut \u00eatre utilis\u00e9 pour corriger ces dysfonctionnements.<\/p>\n<p>De ramper \u00e0 la marche, porter un cartable lourd, passer de longues heures assis dans de mauvaises postures, s\u2019adonner \u00e0 une activit\u00e9 sportive : le squelette en construction de votre enfant est continuellement soumis \u00e0 des contraintes.&nbsp; Un bilan chiropratique est recommand\u00e9 durant cette p\u00e9riode, particuli\u00e8rement si votre enfant pr\u00e9sente des douleurs ou des probl\u00e8mes de posture ainsi l\u2019apparition de dysfonctions vert\u00e9brales telles que l\u2019attitude scoliotique ou de vraies scolioses.<\/p>\n<p><img loading=\"lazy\" decoding=\"async\" class=\"alignleft wp-image-627\" src=\"http:\/\/www.morzinechiropratique.com\/wp-content\/uploads\/2015\/01\/MC_ICON_ADULT-150x150.png\" alt=\"\" width=\"205\" height=\"205\" srcset=\"https:\/\/www.morzinechiropratique.com\/wp-content\/uploads\/2015\/01\/MC_ICON_ADULT-150x150.png 150w, https:\/\/www.morzinechiropratique.com\/wp-content\/uploads\/2015\/01\/MC_ICON_ADULT-300x300.png 300w, https:\/\/www.morzinechiropratique.com\/wp-content\/uploads\/2015\/01\/MC_ICON_ADULT-768x768.png 768w, https:\/\/www.morzinechiropratique.com\/wp-content\/uploads\/2015\/01\/MC_ICON_ADULT-1024x1024.png 1024w, https:\/\/www.morzinechiropratique.com\/wp-content\/uploads\/2015\/01\/MC_ICON_ADULT.png 1251w\" sizes=\"auto, (max-width: 205px) 100vw, 205px\" \/><\/p>\n<p><strong><span style=\"color: #0a1f8f;\">Pour les&nbsp;ADULTS<\/span><\/strong><\/p>\n<p>\u00c0 travers l\u2019\u00e2ge adulte, les rigueurs quotidiennes du travail, qu\u2019il s\u2019agisse d\u2019un m\u00e9tier physique ou d\u2019un travail de bureau, nos corps sont souvent fatigu\u00e9s. Les maux de t\u00eate, les mauvaises postures ou les microtraumatismes r\u00e9p\u00e9t\u00e9s peuvent \u00eatre soulag\u00e9s par un traitement chiropratique. Ce n\u2019est pas seulement le dos qui peut \u00eatre trait\u00e9, mais aussi le cou, les \u00e9paules, les coudes, les mains, les hanches, les genoux et les pieds.<\/p>\n<p>&nbsp;<\/p>\n<p>&nbsp;<\/p>\n<p><img loading=\"lazy\" decoding=\"async\" class=\"wp-image-628 alignleft\" src=\"http:\/\/www.morzinechiropratique.com\/wp-content\/uploads\/2015\/01\/MC_ICON_AGE-150x150.png\" alt=\"For the ELDERLY\" width=\"205\" height=\"205\" srcset=\"https:\/\/www.morzinechiropratique.com\/wp-content\/uploads\/2015\/01\/MC_ICON_AGE-150x150.png 150w, https:\/\/www.morzinechiropratique.com\/wp-content\/uploads\/2015\/01\/MC_ICON_AGE-300x300.png 300w, https:\/\/www.morzinechiropratique.com\/wp-content\/uploads\/2015\/01\/MC_ICON_AGE-768x768.png 768w, https:\/\/www.morzinechiropratique.com\/wp-content\/uploads\/2015\/01\/MC_ICON_AGE-1024x1024.png 1024w, https:\/\/www.morzinechiropratique.com\/wp-content\/uploads\/2015\/01\/MC_ICON_AGE.png 1251w\" sizes=\"auto, (max-width: 205px) 100vw, 205px\" \/>&nbsp;<strong><span style=\"color: #0a1f8f;\">Pour Les&nbsp;S\u00c9NIORS<\/span><\/strong><\/p>\n<p>L\u2019usure des articulations, des disques vert\u00e9braux, des tendons et des muscles peuvent cr\u00e9er les douleurs. Avec l\u2019\u00e2ge, cela peut s\u2019accompagner de troubles d\u00e9g\u00e9n\u00e9ratifs tels que l\u2019arthrite. Un traitement chiropratique r\u00e9gulier peut maintenir la mobilit\u00e9, r\u00e9duire les douleurs quotidiennes afin de conserver un mode de vie \u00e9panouissant jusqu\u2019\u00e0 un \u00e2ge avanc\u00e9.<\/p>\n<p>&nbsp;<\/p>\n<p>&nbsp;<\/p>\n<p><img loading=\"lazy\" decoding=\"async\" class=\"wp-image-630 alignleft\" src=\"http:\/\/www.morzinechiropratique.com\/wp-content\/uploads\/2015\/01\/MC_ICON_GROSSES-150x150.png\" alt=\"During PREGNANCY\" width=\"205\" height=\"205\" srcset=\"https:\/\/www.morzinechiropratique.com\/wp-content\/uploads\/2015\/01\/MC_ICON_GROSSES-150x150.png 150w, https:\/\/www.morzinechiropratique.com\/wp-content\/uploads\/2015\/01\/MC_ICON_GROSSES-300x300.png 300w, https:\/\/www.morzinechiropratique.com\/wp-content\/uploads\/2015\/01\/MC_ICON_GROSSES-768x768.png 768w, https:\/\/www.morzinechiropratique.com\/wp-content\/uploads\/2015\/01\/MC_ICON_GROSSES-1024x1024.png 1024w, https:\/\/www.morzinechiropratique.com\/wp-content\/uploads\/2015\/01\/MC_ICON_GROSSES.png 1251w\" sizes=\"auto, (max-width: 205px) 100vw, 205px\" \/><strong><span style=\"color: #0a1f8f;\">Pendant la GROSSESSE<\/span><\/strong><\/p>\n<p>Pendant la grossesse, avec la lib\u00e9ration de l\u2019hormone \u00ab&nbsp;relaxine&nbsp;\u00bb, une mobilit\u00e9 articulaire accrue et une mise en charge alt\u00e9r\u00e9e vous rendent plus vuln\u00e9rable aux blessures. Heureusement, un traitement chiropratique est possible jusqu\u2019\u00e0 votre date d\u2019accouchement. Les techniques de soins sont adapt\u00e9es pour votre confort.<\/p>\n<p>&nbsp;<\/p>\n<p>&nbsp;<\/p>\n<p><img loading=\"lazy\" decoding=\"async\" class=\"wp-image-631 alignleft\" src=\"http:\/\/www.morzinechiropratique.com\/wp-content\/uploads\/2015\/01\/MC_ICON_SPORTIF-150x150.png\" alt=\"For SPORTS PERFORMANCE\" width=\"205\" height=\"205\" srcset=\"https:\/\/www.morzinechiropratique.com\/wp-content\/uploads\/2015\/01\/MC_ICON_SPORTIF-150x150.png 150w, https:\/\/www.morzinechiropratique.com\/wp-content\/uploads\/2015\/01\/MC_ICON_SPORTIF-300x300.png 300w, https:\/\/www.morzinechiropratique.com\/wp-content\/uploads\/2015\/01\/MC_ICON_SPORTIF-768x768.png 768w, https:\/\/www.morzinechiropratique.com\/wp-content\/uploads\/2015\/01\/MC_ICON_SPORTIF-1024x1024.png 1024w, https:\/\/www.morzinechiropratique.com\/wp-content\/uploads\/2015\/01\/MC_ICON_SPORTIF.png 1251w\" sizes=\"auto, (max-width: 205px) 100vw, 205px\" \/><\/p>\n<p class=\"elementor-heading-title elementor-size-default\"><strong><span style=\"color: #0a1f8f;\">Pour les SPORTIFS<\/span><\/strong><\/p>\n<p>Qu\u2019il soit de loisir ou de haute performance, le sport met votre corps \u00e0 l\u2019\u00e9preuve. Les articulations, les muscles, les tendons, les ligaments et les fascias peuvent tous \u00eatre endommag\u00e9s par des faux mouvements ou des efforts r\u00e9p\u00e9titifs. Am\u00e9liorer le fonctionnement de vos cha\u00eenes cin\u00e9tiques est important pour \u00e9viter les compensations. Mon approche biom\u00e9canique consiste \u00e0 r\u00e9tablir une charge \u00e9gale, \u00e0 retrouver la fonction articulaire, \u00e0 restaurer la souplesse musculaire et \u00e0 vous conseiller sur les exercices n\u00e9cessaires \u00e0 votre r\u00e9\u00e9ducation. Vous gardez actif dans votre sport pendant votre traitement lorsque cela est possible est toujours l\u2019objectif.<\/p>\n<p>&nbsp;<\/p>\n<h3 style=\"text-align: left;\">&nbsp;<\/h3>\n<h3 style=\"text-align: left;\"><span style=\"color: #0a1f8f;\">Que font les chiropracteurs ?<\/span><\/h3>\n<h3><img loading=\"lazy\" decoding=\"async\" class=\"wp-image-649 alignright\" src=\"http:\/\/www.morzinechiropratique.com\/wp-content\/uploads\/2015\/01\/MC_BACK_TREATMENT_Chiropractic-1024x768.png\" alt=\"mc_back_treatment_chiropractic\" width=\"500\" height=\"375\" srcset=\"https:\/\/www.morzinechiropratique.com\/wp-content\/uploads\/2015\/01\/MC_BACK_TREATMENT_Chiropractic-1024x768.png 1024w, https:\/\/www.morzinechiropratique.com\/wp-content\/uploads\/2015\/01\/MC_BACK_TREATMENT_Chiropractic-300x225.png 300w, https:\/\/www.morzinechiropratique.com\/wp-content\/uploads\/2015\/01\/MC_BACK_TREATMENT_Chiropractic-768x576.png 768w\" sizes=\"auto, (max-width: 500px) 100vw, 500px\" \/><\/h3>\n<p>Les chiropracteurs sont les experts de la colonne vert\u00e9brale. Ceux-ci aident \u00e0 am\u00e9liorer&nbsp;les biom\u00e9caniques de la colonne vert\u00e9brale et am\u00e9liorer le syst\u00e8me nerveux en commen\u00e7ant par une anamn\u00e8se. Ceci fournit les ant\u00e9c\u00e9dents de votre sant\u00e9 au chiropracteur tels que les interventions chirurgicales, les accidents, le d\u00e9but de la condition, et d\u2019autres d\u00e9tails qui affecteraient votre sant\u00e9.<\/p>\n<p>Apr\u00e8s une revue de vos ant\u00e9c\u00e9dents et une discussion au sujet de votre probl\u00e8me sp\u00e9cifique, un examen complet orthop\u00e9dique, neurologique et chiropratique est propos\u00e9. Une radiographie ou IRM&nbsp;pourrait \u00eatre envisag\u00e9 pour d\u2019\u00e9ventuels probl\u00e8mes structuraux ou de fonctionnement associ\u00e9s \u00e0 la colonne vert\u00e9brale. Ces examens aideraient \u00e0 identifier les zones de dysfonctionnement de la colonne vert\u00e9brale et le d\u00e9ficit du syst\u00e8me nerveux qui en r\u00e9sulteraient. Les r\u00e9sultats de ces examens sont expliqu\u00e9s et un plan d\u2019ajustement chiropratiques ainsi que d\u2019autres traitements peuvent \u00eatre recommand\u00e9s. Les progr\u00e8s sont suivis avec des examens p\u00e9riodiques et des rapports de suivis.<\/p>\n<h3><span style=\"color: #0a1f8f;\">Les prix<\/span><\/h3>\n<p><span style=\"color: #0a1f8f;\"><strong>\u20ac70,00 &#8211; Adulte <\/strong>nouveau patient (premier traitement inclus) <\/span><\/p>\n<p><span style=\"color: #0a1f8f;\"><strong>\u20ac50,00 &#8211; Adulte <\/strong>consultation r\u00e9guli\u00e8re \u2044 traitement <\/span><\/p>\n<p><span style=\"color: #0a1f8f;\"><strong>\u20ac60,00 &#8211; Enfant <\/strong>(moins de 16 ans)<strong>&nbsp;<\/strong>nouveau patient (premier traitement inclus) <\/span><\/p>\n<p><span style=\"color: #0a1f8f;\"><strong>\u20ac45,00 &#8211; Enfant <\/strong>(moins de 16 ans) consultation r\u00e9guli\u00e8re\u2044traitement<\/span><\/p>\n<p><a href=\"https:\/\/agenda.crossuite.com\/stjean\/step3\"><img loading=\"lazy\" decoding=\"async\" class=\"aligncenter wp-image-572\" src=\"http:\/\/www.morzinechiropratique.com\/wp-content\/uploads\/2024\/03\/MC_Bouton_PRENDRE_RDV-300x120.png\" alt=\"mc_bouton_prendre_rdv\" width=\"150\" height=\"60\" srcset=\"https:\/\/www.morzinechiropratique.com\/wp-content\/uploads\/2024\/03\/MC_Bouton_PRENDRE_RDV-300x120.png 300w, https:\/\/www.morzinechiropratique.com\/wp-content\/uploads\/2024\/03\/MC_Bouton_PRENDRE_RDV-768x307.png 768w, https:\/\/www.morzinechiropratique.com\/wp-content\/uploads\/2024\/03\/MC_Bouton_PRENDRE_RDV.png 835w\" sizes=\"auto, (max-width: 150px) 100vw, 150px\" \/><\/a>&nbsp;<\/p>\n ","protected":false},"excerpt":{"rendered":"[otw_is sidebar=otw-sidebar-1]\n<h3><span style=\"color: #0a1f8f;\">Comment la chiropratique fonctionne-t-elle ?<\/span><\/h3>\n<p>La chiropratique repose sur le principe que la sant\u00e9 d\u00e9pend en partie, d\u2019un syst\u00e8me nerveux fonctionnant normalement. Un g\u00eane co&#8230;<\/p>\n","protected":false},"author":2,"featured_media":0,"parent":0,"menu_order":0,"comment_status":"closed","ping_status":"closed","template":"","meta":{"ngg_post_thumbnail":0,"footnotes":""},"class_list":["post-30","page","type-page","status-publish","hentry"],"aioseo_notices":[],"_links":{"self":[{"href":"https:\/\/www.morzinechiropratique.com\/fr_FR\/wp-json\/wp\/v2\/pages\/30","targetHints":{"allow":["GET"]}}],"collection":[{"href":"https:\/\/www.morzinechiropratique.com\/fr_FR\/wp-json\/wp\/v2\/pages"}],"about":[{"href":"https:\/\/www.morzinechiropratique.com\/fr_FR\/wp-json\/wp\/v2\/types\/page"}],"author":[{"embeddable":true,"href":"https:\/\/www.morzinechiropratique.com\/fr_FR\/wp-json\/wp\/v2\/users\/2"}],"replies":[{"embeddable":true,"href":"https:\/\/www.morzinechiropratique.com\/fr_FR\/wp-json\/wp\/v2\/comments?post=30"}],"version-history":[{"count":206,"href":"https:\/\/www.morzinechiropratique.com\/fr_FR\/wp-json\/wp\/v2\/pages\/30\/revisions"}],"predecessor-version":[{"id":940,"href":"https:\/\/www.morzinechiropratique.com\/fr_FR\/wp-json\/wp\/v2\/pages\/30\/revisions\/940"}],"wp:attachment":[{"href":"https:\/\/www.morzinechiropratique.com\/fr_FR\/wp-json\/wp\/v2\/media?parent=30"}],"curies":[{"name":"wp","href":"https:\/\/api.w.org\/{rel}","templated":true}]}}