{"id":32,"date":"2015-01-23T12:01:11","date_gmt":"2015-01-23T11:01:11","guid":{"rendered":"http:\/\/morzinechiropratique.com\/?page_id=32"},"modified":"2024-03-21T17:26:22","modified_gmt":"2024-03-21T16:26:22","slug":"about-us","status":"publish","type":"page","link":"https:\/\/www.morzinechiropratique.com\/fr_FR\/about-us\/","title":{"rendered":"A propos de nous"},"content":{"rendered":"<p style=\"text-align: left;\"><div class=\"otw-sidebar otw-sidebar-1 otw-sidebar-vertical\"><div class=\"widget otw-widget-1 widget-first widget_multi_language_widget\"><h2 class=\"widgettitle\"><\/h2>\n<form class=\"mltlngg_switcher\" name=\"mltlngg_change_language\" method=\"post\" action=\"\"><button class=\"mltlngg-lang-button-icons\" name=\"mltlngg_change_display_lang\" value=\"en_US\" title=\"English\">\n\t\t\t\t\t\t\t<img decoding=\"async\" class=\"mltlngg-lang\" src=\"http:\/\/www.morzinechiropratique.com\/wp-content\/uploads\/multilanguage\/en_US.jpg\" alt=\"English\">\n\t\t\t\t\t\t<\/button><button class=\"mltlngg-lang-button-icons\" name=\"mltlngg_change_display_lang\" value=\"fr_FR\" title=\"Fran\u00e7ais\">\n\t\t\t\t\t\t\t<img decoding=\"async\" class=\"mltlngg-current-lang\" src=\"http:\/\/www.morzinechiropratique.com\/wp-content\/uploads\/multilanguage\/fr_FR.jpg\" alt=\"Fran\u00e7ais\">\n\t\t\t\t\t\t<\/button><\/form><\/div><\/div><\/p>\n\n<div class=\"wp-block-image is-resized\">\n<figure class=\"aligncenter size-large\"><a href=\"http:\/\/www.morzinechiropratique.com\/fr_FR\/about-us\/\"><img loading=\"lazy\" decoding=\"async\" width=\"1024\" height=\"467\" src=\"http:\/\/www.morzinechiropratique.com\/wp-content\/uploads\/2024\/03\/MC_About_Qui_je_suis_PROCTER_Shane-1-1024x467.png\" alt=\"\" class=\"wp-image-826\" style=\"width:835px;height:auto\"\/><\/a><\/figure><\/div>\n\n\n<p>Je suis n\u00e9 \u00e0 Broken Hill, une ville mini\u00e8re dans la brousse australienne.&nbsp; J\u2019ai \u00e9tudi\u00e9 \u00e0 Sydney et a obtenu un bachelier en sciences (Anatomie).&nbsp; Apr\u00e8s cela, j\u2019ai suivi une formation de Master en Chiropratique et f\u00fbt dipl\u00f4m\u00e9 en Mai 1997.&nbsp;<\/p>\n\n\n\n<p>Je me suis install\u00e9 en Europe en 1997 pour travailler et voyager.&nbsp; J\u2019ai travaill\u00e9 deux saisons de ski \u00e0 St Anton, Autriche en un \u00e0 Meribel, France.&nbsp; J\u2019ai travaill\u00e9 en Angleterre de 1997 \u00e0 2014 avant de d\u00e9m\u00e9nager \u00e0 Morzine.&nbsp;<\/p>\n\n\n<div class=\"wp-block-image\">\n<figure class=\"alignleft size-large is-resized\"><a href=\"http:\/\/www.morzinechiropratique.com\/fr_FR\/about-us\/\" target=\"_blank\" rel=\"noreferrer noopener\"><img loading=\"lazy\" decoding=\"async\" width=\"665\" height=\"1024\" src=\"https:\/\/www.morzinechiropratique.com\/wp-content\/uploads\/2024\/03\/ma_mission-1-665x1024.png\" alt=\"\" class=\"wp-image-852\" style=\"width:309px;height:auto\" srcset=\"https:\/\/www.morzinechiropratique.com\/wp-content\/uploads\/2024\/03\/ma_mission-1-665x1024.png 665w, https:\/\/www.morzinechiropratique.com\/wp-content\/uploads\/2024\/03\/ma_mission-1-195x300.png 195w, https:\/\/www.morzinechiropratique.com\/wp-content\/uploads\/2024\/03\/ma_mission-1-768x1182.png 768w, https:\/\/www.morzinechiropratique.com\/wp-content\/uploads\/2024\/03\/ma_mission-1-998x1536.png 998w, https:\/\/www.morzinechiropratique.com\/wp-content\/uploads\/2024\/03\/ma_mission-1-1331x2048.png 1331w, https:\/\/www.morzinechiropratique.com\/wp-content\/uploads\/2024\/03\/ma_mission-1.png 1597w\" sizes=\"auto, (max-width: 665px) 100vw, 665px\" \/><\/a><\/figure><\/div>\n\n\n<h3 class=\"wp-block-heading\">Mon Exp\u00e9rience<\/h3>\n\n\n\n<p>Mon exp\u00e9rience chiropratique est diversifi\u00e9 pour un large \u00e9ventail de clients (des b\u00e9b\u00e9s aux personnes \u00e2g\u00e9es, des femmes enceintes, les sportifs de tous niveaux dans de nombreuses disciplines). Pendant mes ann\u00e9es d\u2019exp\u00e9rience j\u2019ai poursuivi mes \u00e9tudes dans le domaine du sport pour accentuer mes traitements en relation avec des probl\u00e8mes li\u00e9s au sport. J\u2019utilise plusieurs techniques de traitement, manipulation manuel, relachement des muscles, manipulation m\u00e9canique avec une table adapt\u00e9e sp\u00e9cifiquement aux traitements chiropratiques et les outils. En plus l\u2019IASTM, un processus pour la dissolution de cicatrices, le kinesio-taping et le strap.<br \/>Je s\u2019accentuent aussi sur le sports de montagne, qui me permettant de comprendre les biom\u00e9caniques et les forces concernant le ski alpin, ski nordique et snowboard.<\/p>\n\n\n\n<h3 class=\"wp-block-heading\">Ma Mission<\/h3>\n\n\n\n<p>La vie de tous les jours ne s\u2019accentue pas que sur les sports et activit\u00e9s ludiques. Les t\u00e2ches courantes que nous faisons peuvent \u00eatre la cause de blessures. Mon approche biom\u00e9canique peut se r\u00e9v\u00e9ler utile en ce qui concerne les probl\u00e8mes posturaux et les microtraumatismes r\u00e9p\u00e9t\u00e9s par rapport au travail de bureau, commerce ou construction, la liste est non exhaustive. Je donne aussi des exercices sur mesure pour le r\u00e9tablissement et le maintien d\u2019une pleine sant\u00e9. Quel que soit la raison pour vos soins chiropratiques, que se soit pour un accident, des probl\u00e8mes \u00e0 courte ou longue dur\u00e9e, pour des performances sportives, pour vos enfants. Je suis ici pour votre r\u00e9tablissement.<\/p>\n\n\n\n<h2 class=\"wp-block-heading\"><a href=\"https:\/\/agenda.crossuite.com\/stjean\/step3\"><img loading=\"lazy\" decoding=\"async\" class=\"aligncenter wp-image-572\" src=\"http:\/\/www.morzinechiropratique.com\/wp-content\/uploads\/2024\/03\/MC_Bouton_PRENDRE_RDV-300x120.png\" alt=\"mc_bouton_prendre_rdv\" width=\"150\" height=\"60\" srcset=\"https:\/\/www.morzinechiropratique.com\/wp-content\/uploads\/2024\/03\/MC_Bouton_PRENDRE_RDV-300x120.png 300w, https:\/\/www.morzinechiropratique.com\/wp-content\/uploads\/2024\/03\/MC_Bouton_PRENDRE_RDV-768x307.png 768w, https:\/\/www.morzinechiropratique.com\/wp-content\/uploads\/2024\/03\/MC_Bouton_PRENDRE_RDV.png 835w\" sizes=\"auto, (max-width: 150px) 100vw, 150px\" \/><\/a><\/h2>\n ","protected":false},"excerpt":{"rendered":"<p style=\"text-align: left;\">[otw_is sidebar=otw-sidebar-1]<\/p>\n<p><!-- wp:image {\"align\":\"center\",\"id\":826,\"width\":\"835px\",\"height\":\"auto\",\"sizeSlug\":\"large\",\"linkDestination\":\"custom\",\"className\":\"is-resized\"} --><\/p>\n<figure class=\"wp-block-image alignc... \n\n","protected":false},"author":2,"featured_media":0,"parent":0,"menu_order":0,"comment_status":"closed","ping_status":"closed","template":"","meta":{"ngg_post_thumbnail":0,"footnotes":""},"class_list":["post-32","page","type-page","status-publish","hentry"],"aioseo_notices":[],"_links":{"self":[{"href":"https:\/\/www.morzinechiropratique.com\/fr_FR\/wp-json\/wp\/v2\/pages\/32","targetHints":{"allow":["GET"]}}],"collection":[{"href":"https:\/\/www.morzinechiropratique.com\/fr_FR\/wp-json\/wp\/v2\/pages"}],"about":[{"href":"https:\/\/www.morzinechiropratique.com\/fr_FR\/wp-json\/wp\/v2\/types\/page"}],"author":[{"embeddable":true,"href":"https:\/\/www.morzinechiropratique.com\/fr_FR\/wp-json\/wp\/v2\/users\/2"}],"replies":[{"embeddable":true,"href":"https:\/\/www.morzinechiropratique.com\/fr_FR\/wp-json\/wp\/v2\/comments?post=32"}],"version-history":[{"count":60,"href":"https:\/\/www.morzinechiropratique.com\/fr_FR\/wp-json\/wp\/v2\/pages\/32\/revisions"}],"predecessor-version":[{"id":877,"href":"https:\/\/www.morzinechiropratique.com\/fr_FR\/wp-json\/wp\/v2\/pages\/32\/revisions\/877"}],"wp:attachment":[{"href":"https:\/\/www.morzinechiropratique.com\/fr_FR\/wp-json\/wp\/v2\/media?parent=32"}],"curies":[{"name":"wp","href":"https:\/\/api.w.org\/{rel}","templated":true}]}}